{"id":19,"date":"2024-06-04T17:06:39","date_gmt":"2024-06-04T17:06:39","guid":{"rendered":"https:\/\/staging.aircrafttooldesign.com\/?page_id=19"},"modified":"2024-06-18T14:59:17","modified_gmt":"2024-06-18T14:59:17","slug":"services","status":"publish","type":"page","link":"https:\/\/staging.aircrafttooldesign.com\/fr\/services\/","title":{"rendered":"Service"},"content":{"rendered":"<div data-elementor-type=\"wp-page\" data-elementor-id=\"19\" class=\"elementor elementor-19\">\n\t\t\t\t<div class=\"elementor-element elementor-element-7459abd e-flex e-con-boxed e-con e-parent\" data-id=\"7459abd\" data-element_type=\"container\" data-no-translation=\"\">\n\t\t\t\t\t<div class=\"e-con-inner\">\n\t\t\t\t<div class=\"elementor-element elementor-element-b942e81 elementor-widget__width-inherit elementor-widget elementor-widget-heading\" data-id=\"b942e81\" data-element_type=\"widget\" data-widget_type=\"heading.default\">\n\t\t\t\t<div class=\"elementor-widget-container\">\n\t\t\t<h3 class=\"elementor-heading-title elementor-size-default\">ATD Design & Manufacturing Services Inc. ce sp\u00e9cialise dans la production de l'outillage pour l'industrie a\u00e9rospatiale.<\/h3>\t\t<\/div>\n\t\t\t\t<\/div>\n\t\t\t\t<div class=\"elementor-element elementor-element-35cdd5f elementor-widget elementor-widget-text-editor\" data-id=\"35cdd5f\" data-element_type=\"widget\" data-widget_type=\"text-editor.default\">\n\t\t\t\t<div class=\"elementor-widget-container\">\n\t\t\t\t\t\t\t<p><strong>Les sp\u00e9cialit\u00e9s comprennent<\/strong> des gabarits d&#8217;assemblages majeurs et mineurs, l&#8217;outillage en mati\u00e8re composite et m\u00e9tallique, les gabarits d&#8217;essais et les pi\u00e8ces moul\u00e9es. <strong>Nos comp\u00e9tences sont :<\/strong><\/p>\t\t\t\t\t\t<\/div>\n\t\t\t\t<\/div>\n\t\t<div class=\"elementor-element elementor-element-39ae4b6 e-flex e-con-boxed e-con e-child\" data-id=\"39ae4b6\" data-element_type=\"container\">\n\t\t\t\t\t<div class=\"e-con-inner\">\n\t\t\t\t<div class=\"elementor-element elementor-element-4a14b88 elementor-widget__width-initial elementor-widget elementor-widget-text-editor\" data-id=\"4a14b88\" data-element_type=\"widget\" data-widget_type=\"text-editor.default\">\n\t\t\t\t<div class=\"elementor-widget-container\">\n\t\t\t\t\t\t\t<ul>\n \t<li>Avec nos partenaires d&#8217;affaires qui ce sp\u00e9cialise dans des domaines tel que la fabrication d&#8217;outils, m\u00e9trologie et d&#8217;usinage commande num\u00e9rique nos offrons des solutions cl\u00e9 en main en conception et fabrication.<\/li>\n \t<li>Impression 3D (fabrication additive), prototypage rapide.<\/li>\n \t<li>Fabrication d&#8217;outils par affiliation avec des fournisseurs accr\u00e9dit\u00e9s d&#8217;FEO agr\u00e9\u00e9s.<\/li>\n<\/ul>\t\t\t\t\t\t<\/div>\n\t\t\t\t<\/div>\n\t\t\t\t<div class=\"elementor-element elementor-element-b548c78 elementor-widget__width-initial elementor-widget elementor-widget-text-editor\" data-id=\"b548c78\" data-element_type=\"widget\" data-widget_type=\"text-editor.default\">\n\t\t\t\t<div class=\"elementor-widget-container\">\n\t\t\t\t\t\t\t<ul>\n \t<li>Gestion en Projet et M\u00e9thodes &#8211; fabrication LEAN<\/li>\n \t<li>Implantation de lot de travail dans les installations des clients ou aux bureaux ATD.<\/li>\n \t<li>Ing\u00e9nierie inverse.<\/li>\n \t<li>Conception de composants A\u00e9rospatial, d\u00e9veloppement de produits et Ligne Maitresse.<\/li>\n \t<li>Placement de ressources en Ing\u00e9nierie &amp; Conception d&#8217;outillage.<\/li>\n<\/ul>\t\t\t\t\t\t<\/div>\n\t\t\t\t<\/div>\n\t\t\t\t\t<\/div>\n\t\t\t\t<\/div>\n\t\t\t\t\t<\/div>\n\t\t\t\t<\/div>\n\t\t\t\t<\/div>","protected":false},"excerpt":{"rendered":"<p>ATD Design &#038; Manufacturing Services Inc. specializes in producing tooling for the aerospace industry. Specialties include major and minor airframe assembly fixtures, composite and metallic tooling, test fixtures and part forming.\u00a0 Skillsets include: Turnkey Design &amp; Manufacturing solutions with business partners specializing in fields such as Tool Manufacturing, N\/C Machining and Metrology. Rapid Prototyping via &#8230; <a title=\"Service\" class=\"read-more\" href=\"https:\/\/staging.aircrafttooldesign.com\/fr\/services\/\" aria-label=\"Read more about Services\">Lire plus<\/a><\/p>","protected":false},"author":1,"featured_media":0,"parent":0,"menu_order":0,"comment_status":"closed","ping_status":"closed","template":"","meta":{"footnotes":""},"class_list":["post-19","page","type-page","status-publish"],"_links":{"self":[{"href":"https:\/\/staging.aircrafttooldesign.com\/fr\/wp-json\/wp\/v2\/pages\/19","targetHints":{"allow":["GET"]}}],"collection":[{"href":"https:\/\/staging.aircrafttooldesign.com\/fr\/wp-json\/wp\/v2\/pages"}],"about":[{"href":"https:\/\/staging.aircrafttooldesign.com\/fr\/wp-json\/wp\/v2\/types\/page"}],"author":[{"embeddable":true,"href":"https:\/\/staging.aircrafttooldesign.com\/fr\/wp-json\/wp\/v2\/users\/1"}],"replies":[{"embeddable":true,"href":"https:\/\/staging.aircrafttooldesign.com\/fr\/wp-json\/wp\/v2\/comments?post=19"}],"version-history":[{"count":16,"href":"https:\/\/staging.aircrafttooldesign.com\/fr\/wp-json\/wp\/v2\/pages\/19\/revisions"}],"predecessor-version":[{"id":748,"href":"https:\/\/staging.aircrafttooldesign.com\/fr\/wp-json\/wp\/v2\/pages\/19\/revisions\/748"}],"wp:attachment":[{"href":"https:\/\/staging.aircrafttooldesign.com\/fr\/wp-json\/wp\/v2\/media?parent=19"}],"curies":[{"name":"wp","href":"https:\/\/api.w.org\/{rel}","templated":true}]}}