{"id":15,"date":"2024-06-04T17:01:26","date_gmt":"2024-06-04T17:01:26","guid":{"rendered":"https:\/\/staging.aircrafttooldesign.com\/?page_id=15"},"modified":"2024-06-18T15:29:14","modified_gmt":"2024-06-18T15:29:14","slug":"about-us","status":"publish","type":"page","link":"https:\/\/staging.aircrafttooldesign.com\/fr\/about-us\/","title":{"rendered":"\u00c0 Propos"},"content":{"rendered":"<div data-elementor-type=\"wp-page\" data-elementor-id=\"15\" class=\"elementor elementor-15\">\n\t\t\t\t<div class=\"elementor-element elementor-element-191b880 e-flex e-con-boxed e-con e-parent\" data-id=\"191b880\" data-element_type=\"container\" data-no-translation=\"\">\n\t\t\t\t\t<div class=\"e-con-inner\">\n\t\t\t\t<div class=\"elementor-element elementor-element-ba19b5d elementor-widget__width-inherit elementor-widget elementor-widget-heading\" data-id=\"ba19b5d\" data-element_type=\"widget\" data-widget_type=\"heading.default\">\n\t\t\t\t<div class=\"elementor-widget-container\">\n\t\t\t<h3 class=\"elementor-heading-title elementor-size-default\">Historique et Pr\u00e9sence dans le March\u00e9<\/h3>\t\t<\/div>\n\t\t\t\t<\/div>\n\t\t<div class=\"elementor-element elementor-element-3064872 e-con-full e-flex e-con e-child\" data-id=\"3064872\" data-element_type=\"container\">\n\t\t\t\t<div class=\"elementor-element elementor-element-296aff4 elementor-widget elementor-widget-text-editor\" data-id=\"296aff4\" data-element_type=\"widget\" data-widget_type=\"text-editor.default\">\n\t\t\t\t<div class=\"elementor-widget-container\">\n\t\t\t\t\t\t\t<ul>\n<li>ATD Design &amp; Manufacturing Services Inc a \u00e9t\u00e9 \u00e9tablie en 2001 par une \u00e9quipe de concepteurs d&#8217;outils tr\u00e8s exp\u00e9riment\u00e9s et le personnel de fabrication qui ont reconnu la n\u00e9cessit\u00e9 de fournir un service de conception d&#8217;outil structur\u00e9 et fiable pour les fabricants d&#8217;\u00e9quipement de l&#8217;a\u00e9rospatiale d&#8217;origine (FEO).<\/li>\n<li>Ayant gagn\u00e9 une r\u00e9putation solide en conception d&#8217;outillage, conception d&#8217;unit\u00e9 de test et en fabrication d&#8217;outils a\u00e9rospatiale, ATD peux offrir des services d&#8217;ing\u00e9nieries en conception pour des composants en a\u00e9rospatiale et\u00a0<strong>d&#8217;autres industries cl\u00e9s<\/strong>.<\/li>\n<li>ATD a contribu\u00e9 \u00e0 la conception et \u00e0 la fabrication d&#8217;outils vari\u00e9s utilis\u00e9s dans plusieurs domaines, que ce soit pour le Bras Spatial Canadien ou le plus r\u00e9cent avion d&#8217;Airbus, Bell H\u00e9licopt\u00e8re, Bombardier et Dassault Falcon Jet, pour n&#8217;en nommer que quelques-uns.<\/li>\n<\/ul>\t\t\t\t\t\t<\/div>\n\t\t\t\t<\/div>\n\t\t\t\t<\/div>\n\t\t<div class=\"elementor-element elementor-element-c155b3b e-con-full e-flex e-con e-child\" data-id=\"c155b3b\" data-element_type=\"container\">\n\t\t\t\t<div class=\"elementor-element elementor-element-7de7b72 elementor-widget elementor-widget-text-editor\" data-id=\"7de7b72\" data-element_type=\"widget\" data-widget_type=\"text-editor.default\">\n\t\t\t\t<div class=\"elementor-widget-container\">\n\t\t\t\t\t\t\t<ul>\n<li>ATD a d\u00e9j\u00e0 du personnel en place dans plusieurs villes incluant Montreal et Toronto. Nous pouvons placer du personnel \u00e0 travers le monde.<\/li>\n<li>ATD est situ\u00e9 dans le noyau de l&#8217;industrie A\u00e9ronautique \u00e0 Montreal.<\/li>\n<li>ATD est membre de l&#8217;A\u00e9ro-Montr\u00e9al, la grappe des entreprises en a\u00e9rospatiale du Qu\u00e9bec, qui se concentre et travaille en collaboration avec les universit\u00e9s, pour attirer plus d&#8217;entreprises dans la r\u00e9gion ainsi qu&#8217;un grand bassin de main-d&#8217;\u0153uvre qualifi\u00e9e.<\/li>\n<li>ATD a \u00e9tabli un partenariat avec des universit\u00e9s pour effectuer de la recherche et d\u00e9veloppement de produits divers.<\/li>\n<\/ul>\t\t\t\t\t\t<\/div>\n\t\t\t\t<\/div>\n\t\t\t\t<\/div>\n\t\t\t\t\t<\/div>\n\t\t\t\t<\/div>\n\t\t<div class=\"elementor-element elementor-element-d9a6421 e-flex e-con-boxed e-con e-parent\" data-id=\"d9a6421\" data-element_type=\"container\">\n\t\t\t\t\t<div class=\"e-con-inner\">\n\t\t\t\t<div class=\"elementor-element elementor-element-c0dd0d4 elementor-widget elementor-widget-image\" data-id=\"c0dd0d4\" data-element_type=\"widget\" data-widget_type=\"image.default\">\n\t\t\t\t<div class=\"elementor-widget-container\">\n\t\t\t<style>\/*! elementor - v3.22.0 - 24-06-2024 *\/\n.elementor-widget-image{text-align:center}.elementor-widget-image a{display:inline-block}.elementor-widget-image a img[src$=\".svg\"]{width:48px}.elementor-widget-image img{vertical-align:middle;display:inline-block}<\/style>\t\t\t\t\t\t\t\t\t\t<img fetchpriority=\"high\" decoding=\"async\" width=\"1100\" height=\"320\" src=\"https:\/\/staging.aircrafttooldesign.com\/wp-content\/uploads\/2024\/06\/AIR_C-130J-30_Canadian_Flyout_LMCO_lg_2.jpg\" class=\"attachment-full size-full wp-image-278\" alt=\"\" \/>\t\t\t\t\t\t\t\t\t\t\t\t\t<\/div>\n\t\t\t\t<\/div>\n\t\t\t\t\t<\/div>\n\t\t\t\t<\/div>\n\t\t\t\t<\/div>","protected":false},"excerpt":{"rendered":"<p>A Brief History and Presence in the Market ATD was incorporated in 2001 by a team of highly experienced tool designers and manufacturing personnel who recognized the need to provide a structured and reliable tool design service to original aerospace equipment manufacturers (OEM). Having gained a solid reputation in Tool Design, Test Article Design and &#8230; <a title=\"\u00c0 Propos\" class=\"read-more\" href=\"https:\/\/staging.aircrafttooldesign.com\/fr\/about-us\/\" aria-label=\"Read more about About Us\">Lire plus<\/a><\/p>","protected":false},"author":1,"featured_media":0,"parent":0,"menu_order":0,"comment_status":"closed","ping_status":"closed","template":"","meta":{"footnotes":""},"class_list":["post-15","page","type-page","status-publish"],"_links":{"self":[{"href":"https:\/\/staging.aircrafttooldesign.com\/fr\/wp-json\/wp\/v2\/pages\/15","targetHints":{"allow":["GET"]}}],"collection":[{"href":"https:\/\/staging.aircrafttooldesign.com\/fr\/wp-json\/wp\/v2\/pages"}],"about":[{"href":"https:\/\/staging.aircrafttooldesign.com\/fr\/wp-json\/wp\/v2\/types\/page"}],"author":[{"embeddable":true,"href":"https:\/\/staging.aircrafttooldesign.com\/fr\/wp-json\/wp\/v2\/users\/1"}],"replies":[{"embeddable":true,"href":"https:\/\/staging.aircrafttooldesign.com\/fr\/wp-json\/wp\/v2\/comments?post=15"}],"version-history":[{"count":43,"href":"https:\/\/staging.aircrafttooldesign.com\/fr\/wp-json\/wp\/v2\/pages\/15\/revisions"}],"predecessor-version":[{"id":751,"href":"https:\/\/staging.aircrafttooldesign.com\/fr\/wp-json\/wp\/v2\/pages\/15\/revisions\/751"}],"wp:attachment":[{"href":"https:\/\/staging.aircrafttooldesign.com\/fr\/wp-json\/wp\/v2\/media?parent=15"}],"curies":[{"name":"wp","href":"https:\/\/api.w.org\/{rel}","templated":true}]}}