{"id":128,"date":"2024-06-12T20:13:03","date_gmt":"2024-06-12T20:13:03","guid":{"rendered":"https:\/\/staging.aircrafttooldesign.com\/?page_id=128"},"modified":"2024-06-24T14:09:41","modified_gmt":"2024-06-24T14:09:41","slug":"employment","status":"publish","type":"page","link":"https:\/\/staging.aircrafttooldesign.com\/fr\/employment\/","title":{"rendered":"Emploi"},"content":{"rendered":"<div data-elementor-type=\"wp-page\" data-elementor-id=\"128\" class=\"elementor elementor-128\">\n\t\t\t\t<div class=\"elementor-element elementor-element-729b831 e-flex e-con-boxed e-con e-parent\" data-id=\"729b831\" data-element_type=\"container\" data-no-translation=\"\">\n\t\t\t\t\t<div class=\"e-con-inner\">\n\t\t\t\t<div class=\"elementor-element elementor-element-d6983cf elementor-widget__width-inherit elementor-widget elementor-widget-heading\" data-id=\"d6983cf\" data-element_type=\"widget\" data-widget_type=\"heading.default\">\n\t\t\t\t<div class=\"elementor-widget-container\">\n\t\t\t<h3 class=\"elementor-heading-title elementor-size-default\">ATD est toujours \u00e0 la recherche de personnel qualifi\u00e9 ayant de l'exp\u00e9rience dans la conception d'outils et des comp\u00e9tences dans Catia V5.<\/h3>\t\t<\/div>\n\t\t\t\t<\/div>\n\t\t\t\t<div class=\"elementor-element elementor-element-1812917 elementor-widget elementor-widget-text-editor\" data-id=\"1812917\" data-element_type=\"widget\" data-widget_type=\"text-editor.default\">\n\t\t\t\t<div class=\"elementor-widget-container\">\n\t\t\t\t\t\t\t<p>Si vous \u00eates int\u00e9ress\u00e9 \u00e0 joindre notre \u00e9quipe, s&#8217;il-vous-pla\u00eet soumettre votre curriculum vitae \u00e0:<\/p><p>\u00a0<a href=\"mailto:info@atddesign.ca?taget=_top\">info@atddesign.ca<\/a>.<\/p>\t\t\t\t\t\t<\/div>\n\t\t\t\t<\/div>\n\t\t\t\t\t<\/div>\n\t\t\t\t<\/div>\n\t\t<div class=\"elementor-element elementor-element-e49b011 e-flex e-con-boxed e-con e-parent\" data-id=\"e49b011\" data-element_type=\"container\">\n\t\t\t\t\t<div class=\"e-con-inner\">\n\t\t\t\t<div class=\"elementor-element elementor-element-9b53874 elementor-widget elementor-widget-image\" data-id=\"9b53874\" data-element_type=\"widget\" data-widget_type=\"image.default\">\n\t\t\t\t<div class=\"elementor-widget-container\">\n\t\t\t<style>\/*! elementor - v3.22.0 - 24-06-2024 *\/\n.elementor-widget-image{text-align:center}.elementor-widget-image a{display:inline-block}.elementor-widget-image a img[src$=\".svg\"]{width:48px}.elementor-widget-image img{vertical-align:middle;display:inline-block}<\/style>\t\t\t\t\t\t\t\t\t\t<img fetchpriority=\"high\" decoding=\"async\" width=\"1600\" height=\"300\" src=\"https:\/\/staging.aircrafttooldesign.com\/wp-content\/uploads\/2024\/06\/timeline2.jpg\" class=\"attachment-full size-full wp-image-752\" alt=\"\" \/>\t\t\t\t\t\t\t\t\t\t\t\t\t<\/div>\n\t\t\t\t<\/div>\n\t\t\t\t\t<\/div>\n\t\t\t\t<\/div>\n\t\t\t\t<\/div>","protected":false},"excerpt":{"rendered":"<p>ATD is always in need of qualified personnel with experience in tool design and skills in Catia V5. If you are interested in joining our team, please submit your resume to: \u00a0info@atddesign.ca. ATD est toujours \u00e0 la recherche de personnel qualifi\u00e9 ayant de l&#8217;exp\u00e9rience dans la conception d&#8217;outils et des comp\u00e9tences dans Catia V5. Si &#8230; <a title=\"Emploi\" class=\"read-more\" href=\"https:\/\/staging.aircrafttooldesign.com\/fr\/employment\/\" aria-label=\"Read more about Employment\">Lire plus<\/a><\/p>","protected":false},"author":1,"featured_media":0,"parent":0,"menu_order":0,"comment_status":"closed","ping_status":"closed","template":"","meta":{"footnotes":""},"class_list":["post-128","page","type-page","status-publish"],"_links":{"self":[{"href":"https:\/\/staging.aircrafttooldesign.com\/fr\/wp-json\/wp\/v2\/pages\/128","targetHints":{"allow":["GET"]}}],"collection":[{"href":"https:\/\/staging.aircrafttooldesign.com\/fr\/wp-json\/wp\/v2\/pages"}],"about":[{"href":"https:\/\/staging.aircrafttooldesign.com\/fr\/wp-json\/wp\/v2\/types\/page"}],"author":[{"embeddable":true,"href":"https:\/\/staging.aircrafttooldesign.com\/fr\/wp-json\/wp\/v2\/users\/1"}],"replies":[{"embeddable":true,"href":"https:\/\/staging.aircrafttooldesign.com\/fr\/wp-json\/wp\/v2\/comments?post=128"}],"version-history":[{"count":13,"href":"https:\/\/staging.aircrafttooldesign.com\/fr\/wp-json\/wp\/v2\/pages\/128\/revisions"}],"predecessor-version":[{"id":803,"href":"https:\/\/staging.aircrafttooldesign.com\/fr\/wp-json\/wp\/v2\/pages\/128\/revisions\/803"}],"wp:attachment":[{"href":"https:\/\/staging.aircrafttooldesign.com\/fr\/wp-json\/wp\/v2\/media?parent=128"}],"curies":[{"name":"wp","href":"https:\/\/api.w.org\/{rel}","templated":true}]}}